{"id":3488,"date":"2020-08-12T14:42:43","date_gmt":"2020-08-12T12:42:43","guid":{"rendered":"https:\/\/ursulaschaufelberger.ch\/cms\/?page_id=3488"},"modified":"2025-11-03T16:04:26","modified_gmt":"2025-11-03T15:04:26","slug":"kontakt","status":"publish","type":"page","link":"https:\/\/ursulaschaufelberger.ch\/cms\/kontakt\/","title":{"rendered":"Kontakt"},"content":{"rendered":"\n<style type=\"text\/css\" data-created_by=\"avia_inline_auto\" id=\"style-css-av-zkiaz-960b721dc6aba476953a91f36237e2d0\">\n\n@media only screen and (min-width: 990px){ \n.avia-section.av-zkiaz-960b721dc6aba476953a91f36237e2d0{\nmargin-top:10px;\n}\n}\n<\/style>\n<div id='av_section_1'  class='avia-section av-zkiaz-960b721dc6aba476953a91f36237e2d0 main_color avia-section-default avia-shadow  avia-builder-el-0  avia-builder-el-no-sibling  avia-bg-style-scroll container_wrap fullsize'  ><div class='container av-section-cont-open' ><main  role=\"main\" itemprop=\"mainContentOfPage\"  class='template-page content  av-content-full alpha units'><div class='post-entry post-entry-type-page post-entry-3488'><div class='entry-content-wrapper clearfix'>\n<div class='flex_column_table av-kc6bxims-4d4e3a04b3445d638c0e80cfb4becfe2 sc-av_one_half av-equal-height-column-flextable'>\n<style type=\"text\/css\" data-created_by=\"avia_inline_auto\" id=\"style-css-av-kc6bxims-4d4e3a04b3445d638c0e80cfb4becfe2\">\n.flex_column.av-kc6bxims-4d4e3a04b3445d638c0e80cfb4becfe2{\nborder-radius:0px 0px 0px 0px;\npadding:0px 0px 0px 0px;\n}\n<\/style>\n<div  class='flex_column av-kc6bxims-4d4e3a04b3445d638c0e80cfb4becfe2 av_one_half  avia-builder-el-1  el_before_av_one_half  avia-builder-el-first  first flex_column_table_cell av-equal-height-column av-align-bottom av-zero-column-padding  '     ><p>\n<style type=\"text\/css\" data-created_by=\"avia_inline_auto\" id=\"style-css-av-3517w0-cbc2a3696f012e4997ee751497742129\">\n#top .av-special-heading.av-3517w0-cbc2a3696f012e4997ee751497742129{\npadding-bottom:40px;\nfont-size:60px;\n}\nbody .av-special-heading.av-3517w0-cbc2a3696f012e4997ee751497742129 .av-special-heading-tag .heading-char{\nfont-size:25px;\n}\n#top #wrap_all .av-special-heading.av-3517w0-cbc2a3696f012e4997ee751497742129 .av-special-heading-tag{\nfont-size:60px;\n}\n.av-special-heading.av-3517w0-cbc2a3696f012e4997ee751497742129 .av-subheading{\nfont-size:20px;\n}\n\n@media only screen and (min-width: 480px) and (max-width: 767px){ \n#top #wrap_all .av-special-heading.av-3517w0-cbc2a3696f012e4997ee751497742129 .av-special-heading-tag{\nfont-size:42px;\n}\n}\n\n@media only screen and (max-width: 479px){ \n#top #wrap_all .av-special-heading.av-3517w0-cbc2a3696f012e4997ee751497742129 .av-special-heading-tag{\nfont-size:42px;\n}\n}\n<\/style>\n<div  class='av-special-heading av-3517w0-cbc2a3696f012e4997ee751497742129 av-special-heading-h2 custom-color-heading blockquote modern-quote  avia-builder-el-2  el_before_av_hr  avia-builder-el-first  av-inherit-size'><h2 class='av-special-heading-tag '  itemprop=\"headline\"  >Kontakt<\/h2><div class='av-subheading av-subheading_below'><p>Ich freue mich von Ihnen zu h\u00f6ren \u2013<br \/>\nper Telefon, E-Mail oder Post.<\/p>\n<\/div><div class=\"special-heading-border\"><div class=\"special-heading-inner-border\"><\/div><\/div><\/div><br \/>\n\n<style type=\"text\/css\" data-created_by=\"avia_inline_auto\" id=\"style-css-av-kc6g9uir-87b3845a1be83dd3f6e54d7f8b014fe3\">\n#top .hr.hr-invisible.av-kc6g9uir-87b3845a1be83dd3f6e54d7f8b014fe3{\nheight:50px;\n}\n<\/style>\n<div  class='hr av-kc6g9uir-87b3845a1be83dd3f6e54d7f8b014fe3 hr-invisible  avia-builder-el-3  el_after_av_heading  el_before_av_image  av-small-hide av-mini-hide'><span class='hr-inner '><span class=\"hr-inner-style\"><\/span><\/span><\/div><br \/>\n\n<style type=\"text\/css\" data-created_by=\"avia_inline_auto\" id=\"style-css-av-kc6cg9px-f329177283076033dd41186511e9408d\">\n.avia-image-container.av-kc6cg9px-f329177283076033dd41186511e9408d img.avia_image{\nbox-shadow:none;\n}\n.avia-image-container.av-kc6cg9px-f329177283076033dd41186511e9408d .av-image-caption-overlay-center{\ncolor:#ffffff;\n}\n<\/style>\n<div  class='avia-image-container av-kc6cg9px-f329177283076033dd41186511e9408d av-styling- avia-align-left  avia-builder-el-4  el_after_av_hr  avia-builder-el-last '   itemprop=\"image\" itemscope=\"itemscope\" itemtype=\"https:\/\/schema.org\/ImageObject\" ><div class=\"avia-image-container-inner\"><div class=\"avia-image-overlay-wrap\"><img decoding=\"async\" fetchpriority=\"high\" class='wp-image-3489 avia-img-lazy-loading-not-3489 avia_image ' src=\"https:\/\/ursulaschaufelberger.ch\/cms\/wp-content\/uploads\/2020\/08\/20200811_172650-300x300.jpg\" alt='' title='Kontakt'  height=\"300\" width=\"300\"  itemprop=\"thumbnailUrl\" srcset=\"https:\/\/ursulaschaufelberger.ch\/cms\/wp-content\/uploads\/2020\/08\/20200811_172650-300x300.jpg 300w, https:\/\/ursulaschaufelberger.ch\/cms\/wp-content\/uploads\/2020\/08\/20200811_172650-1030x1030.jpg 1030w, https:\/\/ursulaschaufelberger.ch\/cms\/wp-content\/uploads\/2020\/08\/20200811_172650-80x80.jpg 80w, https:\/\/ursulaschaufelberger.ch\/cms\/wp-content\/uploads\/2020\/08\/20200811_172650-768x768.jpg 768w, https:\/\/ursulaschaufelberger.ch\/cms\/wp-content\/uploads\/2020\/08\/20200811_172650-1536x1536.jpg 1536w, https:\/\/ursulaschaufelberger.ch\/cms\/wp-content\/uploads\/2020\/08\/20200811_172650-36x36.jpg 36w, https:\/\/ursulaschaufelberger.ch\/cms\/wp-content\/uploads\/2020\/08\/20200811_172650-180x180.jpg 180w, https:\/\/ursulaschaufelberger.ch\/cms\/wp-content\/uploads\/2020\/08\/20200811_172650-1500x1500.jpg 1500w, https:\/\/ursulaschaufelberger.ch\/cms\/wp-content\/uploads\/2020\/08\/20200811_172650-705x705.jpg 705w, https:\/\/ursulaschaufelberger.ch\/cms\/wp-content\/uploads\/2020\/08\/20200811_172650.jpg 1731w\" sizes=\"(max-width: 300px) 100vw, 300px\" \/><\/div><\/div><\/div><\/p><\/div><div class='av-flex-placeholder'><\/div>\n<style type=\"text\/css\" data-created_by=\"avia_inline_auto\" id=\"style-css-av-kc6btcrn-4d82f8966bebf280bb545fab216ae265\">\n.flex_column.av-kc6btcrn-4d82f8966bebf280bb545fab216ae265{\nborder-radius:0px 0px 0px 0px;\npadding:0px 0px 0px 0px;\n}\n<\/style>\n<div  class='flex_column av-kc6btcrn-4d82f8966bebf280bb545fab216ae265 av_one_half  avia-builder-el-5  el_after_av_one_half  el_before_av_two_third  flex_column_table_cell av-equal-height-column av-align-bottom av-zero-column-padding  '     ><\/div><\/div><!--close column table wrapper. Autoclose: 1 --><div  class='flex_column av-9n1d43-cbd422300eacacd1aa41512b84c31397 av_two_third  avia-builder-el-6  el_after_av_one_half  el_before_av_one_third  first flex_column_div  column-top-margin'     ><form action=\"https:\/\/ursulaschaufelberger.ch\/cms\/kontakt\/\" method=\"post\" data-fields-with-error=\"Fehler wurden in folgenden Feld(ern) gefunden:\" class=\"avia_ajax_form av-form-labels-hidden   avia-builder-el-7  avia-builder-el-no-sibling  av-custom-form-color av-dark-form \" data-avia-form-id=\"1\" data-avia-redirect='' ><fieldset><p class='  first_form  form_element form_element_half' id='element_avia_1_1'><label for=\"avia_1_1\">Vorname <abbr class=\"required\" title=\"ben\u00f6tigt\">*<\/abbr><\/label> <input name=\"avia_1_1\" class=\"text_input is_empty\" type=\"text\" id=\"avia_1_1\" value=\"\"  placeholder='Vorname*'\/><\/p><p class='  form_element form_element_half' id='element_avia_2_1'><label for=\"avia_2_1\">Name <abbr class=\"required\" title=\"ben\u00f6tigt\">*<\/abbr><\/label> <input name=\"avia_2_1\" class=\"text_input is_empty\" type=\"text\" id=\"avia_2_1\" value=\"\"  placeholder='Name*'\/><\/p><p class='  first_form  form_element form_element_half' id='element_avia_3_1'><label for=\"avia_3_1\">E-Mail <abbr class=\"required\" title=\"ben\u00f6tigt\">*<\/abbr><\/label> <input name=\"avia_3_1\" class=\"text_input is_email\" type=\"text\" id=\"avia_3_1\" value=\"\"  placeholder='E-Mail*'\/><\/p><p class='  form_element form_element_half' id='element_avia_4_1'><label for=\"avia_4_1\">Telefonnummer<\/label> <input name=\"avia_4_1\" class=\"text_input \" type=\"text\" id=\"avia_4_1\" value=\"\"  placeholder='Telefonnummer'\/><\/p><p class='  first_form  form_element form_fullwidth' id='element_avia_5_1'><label for=\"avia_5_1\" class=\"textare_label hidden textare_label_avia_5_1\">Nachricht <abbr class=\"required\" title=\"ben\u00f6tigt\">*<\/abbr><\/label><textarea  placeholder='Nachricht*' name=\"avia_5_1\" class=\"text_area is_empty\" cols=\"40\" rows=\"7\" id=\"avia_5_1\" ><\/textarea><\/p><p class=\"hidden\"><input type=\"text\" name=\"avia_7_1\" class=\"hidden \" id=\"avia_7_1\" value=\"\" \/><\/p><p class=\"form_element \"><input type=\"hidden\" value=\"1\" name=\"avia_generated_form1\" \/><input type=\"submit\" value=\"senden\" class=\"button\"  data-sending-label=\"Sende\"\/><\/p><\/fieldset><\/form><div id=\"ajaxresponse_1\" class=\"ajaxresponse ajaxresponse_1 hidden\"><\/div><\/div><div  class='flex_column av-97lw77-d2559bcb5ced916beb82026425303ca0 av_one_third  avia-builder-el-8  el_after_av_two_third  el_before_av_two_third  flex_column_div  column-top-margin'     ><\/div><div  class='flex_column av-9n1d43-2-196fbfc65d4fdb75564c848f517c8804 av_two_third  avia-builder-el-9  el_after_av_one_third  el_before_av_one_third  first flex_column_div  column-top-margin'     ><section  class='av_textblock_section av-20tteo-6449efca2acd3e8590714965ff27c5d1 '   itemscope=\"itemscope\" itemtype=\"https:\/\/schema.org\/CreativeWork\" ><div class='avia_textblock'  itemprop=\"text\" ><p><iframe loading=\"lazy\" style=\"border: 0;\" tabindex=\"0\" src=\"https:\/\/www.google.com\/maps\/embed?pb=!1m18!1m12!1m3!1d2695.270683684626!2d8.730746651873297!3d47.50411947907576!2m3!1f0!2f0!3f0!3m2!1i1024!2i768!4f13.1!3m3!1m2!1s0x479a9983c7298e27%3A0x5bb477fa35f18e4c!2sHermann-G%C3%B6tz-Strasse%204%2C%208400%20Winterthur!5e0!3m2!1sde!2sch!4v1668173370179!5m2!1sde!2sch\" width=\"1000\" height=\"450\" allowfullscreen=\"allowfullscreen\"><\/iframe><\/p>\n<\/div><\/section><\/div><div  class='flex_column av-97lw77-1-e0403c9e006bc06976460a02097aefd1 av_one_third  avia-builder-el-11  el_after_av_two_third  avia-builder-el-last  flex_column_div  column-top-margin'     ><section  class='av_textblock_section av-ken1afn8-bbf7f060b07af00ed92e9525c5b2f72a '   itemscope=\"itemscope\" itemtype=\"https:\/\/schema.org\/CreativeWork\" ><div class='avia_textblock'  itemprop=\"text\" ><p><strong>Wegbeschreibung<\/strong><\/p>\n<p>Die Praxis befindet sich in einem Wohnquartier\u00a0mit Blauer-Zone-Parkpl\u00e4tzen.<\/p>\n<p>Sie\u00a0ist sehr gut mit dem \u00d6V erreichbar. Nehmen Sie ab Hauptbahnhof Winterthur den Bus Nr. 3 oder 10 bis Bezirksgeb\u00e4ude.<\/p>\n<\/div><\/section><\/div>\n","protected":false},"excerpt":{"rendered":"","protected":false},"author":1,"featured_media":0,"parent":0,"menu_order":0,"comment_status":"closed","ping_status":"closed","template":"","meta":{"footnotes":""},"class_list":["post-3488","page","type-page","status-publish","hentry"],"yoast_head":"<!-- This site is optimized with the Yoast SEO plugin v27.4 - https:\/\/yoast.com\/product\/yoast-seo-wordpress\/ -->\n<title>Kontakt - Ursula Schaufelberger<\/title>\n<meta name=\"description\" content=\"Ich freue mich von Ihnen zu h\u00f6ren \u2013 per Telefon, E-Mail oder Post. Und nat\u00fcrlich, Sie in meiner Praxis pers\u00f6nlich zu begr\u00fcssen.\" \/>\n<meta name=\"robots\" content=\"index, follow, max-snippet:-1, max-image-preview:large, max-video-preview:-1\" \/>\n<link rel=\"canonical\" href=\"https:\/\/ursulaschaufelberger.ch\/cms\/kontakt\/\" \/>\n<meta property=\"og:locale\" content=\"de_DE\" \/>\n<meta property=\"og:type\" content=\"article\" \/>\n<meta property=\"og:title\" content=\"Kontakt - Ursula Schaufelberger\" \/>\n<meta property=\"og:description\" content=\"Ich freue mich von Ihnen zu h\u00f6ren \u2013 per Telefon, E-Mail oder Post. Und nat\u00fcrlich, Sie in meiner Praxis pers\u00f6nlich zu begr\u00fcssen.\" \/>\n<meta property=\"og:url\" content=\"https:\/\/ursulaschaufelberger.ch\/cms\/kontakt\/\" \/>\n<meta property=\"og:site_name\" content=\"Ursula Schaufelberger\" \/>\n<meta property=\"article:modified_time\" content=\"2025-11-03T15:04:26+00:00\" \/>\n<meta name=\"twitter:card\" content=\"summary_large_image\" \/>\n<meta name=\"twitter:label1\" content=\"Gesch\u00e4tzte Lesezeit\" \/>\n\t<meta name=\"twitter:data1\" content=\"1\u00a0Minute\" \/>\n<script type=\"application\/ld+json\" class=\"yoast-schema-graph\">{\"@context\":\"https:\\\/\\\/schema.org\",\"@graph\":[{\"@type\":\"WebPage\",\"@id\":\"https:\\\/\\\/ursulaschaufelberger.ch\\\/cms\\\/kontakt\\\/\",\"url\":\"https:\\\/\\\/ursulaschaufelberger.ch\\\/cms\\\/kontakt\\\/\",\"name\":\"Kontakt - Ursula Schaufelberger\",\"isPartOf\":{\"@id\":\"https:\\\/\\\/ursulaschaufelberger.ch\\\/cms\\\/#website\"},\"datePublished\":\"2020-08-12T12:42:43+00:00\",\"dateModified\":\"2025-11-03T15:04:26+00:00\",\"description\":\"Ich freue mich von Ihnen zu h\u00f6ren \u2013 per Telefon, E-Mail oder Post. Und nat\u00fcrlich, Sie in meiner Praxis pers\u00f6nlich zu begr\u00fcssen.\",\"breadcrumb\":{\"@id\":\"https:\\\/\\\/ursulaschaufelberger.ch\\\/cms\\\/kontakt\\\/#breadcrumb\"},\"inLanguage\":\"de\",\"potentialAction\":[{\"@type\":\"ReadAction\",\"target\":[\"https:\\\/\\\/ursulaschaufelberger.ch\\\/cms\\\/kontakt\\\/\"]}]},{\"@type\":\"BreadcrumbList\",\"@id\":\"https:\\\/\\\/ursulaschaufelberger.ch\\\/cms\\\/kontakt\\\/#breadcrumb\",\"itemListElement\":[{\"@type\":\"ListItem\",\"position\":1,\"name\":\"Startseite\",\"item\":\"https:\\\/\\\/ursulaschaufelberger.ch\\\/cms\\\/\"},{\"@type\":\"ListItem\",\"position\":2,\"name\":\"Kontakt\"}]},{\"@type\":\"WebSite\",\"@id\":\"https:\\\/\\\/ursulaschaufelberger.ch\\\/cms\\\/#website\",\"url\":\"https:\\\/\\\/ursulaschaufelberger.ch\\\/cms\\\/\",\"name\":\"Ursula Schaufelberger\",\"description\":\"Fusspflege\",\"publisher\":{\"@id\":\"https:\\\/\\\/ursulaschaufelberger.ch\\\/cms\\\/#organization\"},\"potentialAction\":[{\"@type\":\"SearchAction\",\"target\":{\"@type\":\"EntryPoint\",\"urlTemplate\":\"https:\\\/\\\/ursulaschaufelberger.ch\\\/cms\\\/?s={search_term_string}\"},\"query-input\":{\"@type\":\"PropertyValueSpecification\",\"valueRequired\":true,\"valueName\":\"search_term_string\"}}],\"inLanguage\":\"de\"},{\"@type\":\"Organization\",\"@id\":\"https:\\\/\\\/ursulaschaufelberger.ch\\\/cms\\\/#organization\",\"name\":\"Ursula Schafelberger\",\"url\":\"https:\\\/\\\/ursulaschaufelberger.ch\\\/cms\\\/\",\"logo\":{\"@type\":\"ImageObject\",\"inLanguage\":\"de\",\"@id\":\"https:\\\/\\\/ursulaschaufelberger.ch\\\/cms\\\/#\\\/schema\\\/logo\\\/image\\\/\",\"url\":\"https:\\\/\\\/ursulaschaufelberger.ch\\\/cms\\\/wp-content\\\/uploads\\\/2020\\\/09\\\/logo-ursula-klein-scaled.jpg\",\"contentUrl\":\"https:\\\/\\\/ursulaschaufelberger.ch\\\/cms\\\/wp-content\\\/uploads\\\/2020\\\/09\\\/logo-ursula-klein-scaled.jpg\",\"width\":2560,\"height\":384,\"caption\":\"Ursula Schafelberger\"},\"image\":{\"@id\":\"https:\\\/\\\/ursulaschaufelberger.ch\\\/cms\\\/#\\\/schema\\\/logo\\\/image\\\/\"},\"sameAs\":[\"https:\\\/\\\/www.instagram.com\\\/ursulaschaufelberger\\\/?hl=de\"]}]}<\/script>\n<!-- \/ Yoast SEO plugin. -->","yoast_head_json":{"title":"Kontakt - Ursula Schaufelberger","description":"Ich freue mich von Ihnen zu h\u00f6ren \u2013 per Telefon, E-Mail oder Post. Und nat\u00fcrlich, Sie in meiner Praxis pers\u00f6nlich zu begr\u00fcssen.","robots":{"index":"index","follow":"follow","max-snippet":"max-snippet:-1","max-image-preview":"max-image-preview:large","max-video-preview":"max-video-preview:-1"},"canonical":"https:\/\/ursulaschaufelberger.ch\/cms\/kontakt\/","og_locale":"de_DE","og_type":"article","og_title":"Kontakt - Ursula Schaufelberger","og_description":"Ich freue mich von Ihnen zu h\u00f6ren \u2013 per Telefon, E-Mail oder Post. Und nat\u00fcrlich, Sie in meiner Praxis pers\u00f6nlich zu begr\u00fcssen.","og_url":"https:\/\/ursulaschaufelberger.ch\/cms\/kontakt\/","og_site_name":"Ursula Schaufelberger","article_modified_time":"2025-11-03T15:04:26+00:00","twitter_card":"summary_large_image","twitter_misc":{"Gesch\u00e4tzte Lesezeit":"1\u00a0Minute"},"schema":{"@context":"https:\/\/schema.org","@graph":[{"@type":"WebPage","@id":"https:\/\/ursulaschaufelberger.ch\/cms\/kontakt\/","url":"https:\/\/ursulaschaufelberger.ch\/cms\/kontakt\/","name":"Kontakt - Ursula Schaufelberger","isPartOf":{"@id":"https:\/\/ursulaschaufelberger.ch\/cms\/#website"},"datePublished":"2020-08-12T12:42:43+00:00","dateModified":"2025-11-03T15:04:26+00:00","description":"Ich freue mich von Ihnen zu h\u00f6ren \u2013 per Telefon, E-Mail oder Post. Und nat\u00fcrlich, Sie in meiner Praxis pers\u00f6nlich zu begr\u00fcssen.","breadcrumb":{"@id":"https:\/\/ursulaschaufelberger.ch\/cms\/kontakt\/#breadcrumb"},"inLanguage":"de","potentialAction":[{"@type":"ReadAction","target":["https:\/\/ursulaschaufelberger.ch\/cms\/kontakt\/"]}]},{"@type":"BreadcrumbList","@id":"https:\/\/ursulaschaufelberger.ch\/cms\/kontakt\/#breadcrumb","itemListElement":[{"@type":"ListItem","position":1,"name":"Startseite","item":"https:\/\/ursulaschaufelberger.ch\/cms\/"},{"@type":"ListItem","position":2,"name":"Kontakt"}]},{"@type":"WebSite","@id":"https:\/\/ursulaschaufelberger.ch\/cms\/#website","url":"https:\/\/ursulaschaufelberger.ch\/cms\/","name":"Ursula Schaufelberger","description":"Fusspflege","publisher":{"@id":"https:\/\/ursulaschaufelberger.ch\/cms\/#organization"},"potentialAction":[{"@type":"SearchAction","target":{"@type":"EntryPoint","urlTemplate":"https:\/\/ursulaschaufelberger.ch\/cms\/?s={search_term_string}"},"query-input":{"@type":"PropertyValueSpecification","valueRequired":true,"valueName":"search_term_string"}}],"inLanguage":"de"},{"@type":"Organization","@id":"https:\/\/ursulaschaufelberger.ch\/cms\/#organization","name":"Ursula Schafelberger","url":"https:\/\/ursulaschaufelberger.ch\/cms\/","logo":{"@type":"ImageObject","inLanguage":"de","@id":"https:\/\/ursulaschaufelberger.ch\/cms\/#\/schema\/logo\/image\/","url":"https:\/\/ursulaschaufelberger.ch\/cms\/wp-content\/uploads\/2020\/09\/logo-ursula-klein-scaled.jpg","contentUrl":"https:\/\/ursulaschaufelberger.ch\/cms\/wp-content\/uploads\/2020\/09\/logo-ursula-klein-scaled.jpg","width":2560,"height":384,"caption":"Ursula Schafelberger"},"image":{"@id":"https:\/\/ursulaschaufelberger.ch\/cms\/#\/schema\/logo\/image\/"},"sameAs":["https:\/\/www.instagram.com\/ursulaschaufelberger\/?hl=de"]}]}},"_links":{"self":[{"href":"https:\/\/ursulaschaufelberger.ch\/cms\/wp-json\/wp\/v2\/pages\/3488","targetHints":{"allow":["GET"]}}],"collection":[{"href":"https:\/\/ursulaschaufelberger.ch\/cms\/wp-json\/wp\/v2\/pages"}],"about":[{"href":"https:\/\/ursulaschaufelberger.ch\/cms\/wp-json\/wp\/v2\/types\/page"}],"author":[{"embeddable":true,"href":"https:\/\/ursulaschaufelberger.ch\/cms\/wp-json\/wp\/v2\/users\/1"}],"replies":[{"embeddable":true,"href":"https:\/\/ursulaschaufelberger.ch\/cms\/wp-json\/wp\/v2\/comments?post=3488"}],"version-history":[{"count":39,"href":"https:\/\/ursulaschaufelberger.ch\/cms\/wp-json\/wp\/v2\/pages\/3488\/revisions"}],"predecessor-version":[{"id":4511,"href":"https:\/\/ursulaschaufelberger.ch\/cms\/wp-json\/wp\/v2\/pages\/3488\/revisions\/4511"}],"wp:attachment":[{"href":"https:\/\/ursulaschaufelberger.ch\/cms\/wp-json\/wp\/v2\/media?parent=3488"}],"curies":[{"name":"wp","href":"https:\/\/api.w.org\/{rel}","templated":true}]}}