{"id":3601,"date":"2020-08-12T17:10:07","date_gmt":"2020-08-12T15:10:07","guid":{"rendered":"https:\/\/ursulaschaufelberger.ch\/cms\/?page_id=3601"},"modified":"2022-11-11T14:59:12","modified_gmt":"2022-11-11T13:59:12","slug":"portrait","status":"publish","type":"page","link":"https:\/\/ursulaschaufelberger.ch\/cms\/portrait\/","title":{"rendered":"Portrait"},"content":{"rendered":"\n<style type=\"text\/css\" data-created_by=\"avia_inline_auto\" id=\"style-css-av-zkiaz-960b721dc6aba476953a91f36237e2d0\">\n\n@media only screen and (min-width: 990px){ \n.avia-section.av-zkiaz-960b721dc6aba476953a91f36237e2d0{\nmargin-top:10px;\n}\n}\n<\/style>\n<div id='av_section_1'  class='avia-section av-zkiaz-960b721dc6aba476953a91f36237e2d0 main_color avia-section-default avia-shadow  avia-builder-el-0  avia-builder-el-no-sibling  avia-bg-style-scroll container_wrap fullsize'  ><div class='container av-section-cont-open' ><main  role=\"main\" itemprop=\"mainContentOfPage\"  class='template-page content  av-content-full alpha units'><div class='post-entry post-entry-type-page post-entry-3601'><div class='entry-content-wrapper clearfix'>\n<div class='flex_column_table av-kc6bxims-e584a1de532ca6646209a567faa8076f sc-av_one_half av-equal-height-column-flextable'>\n<style type=\"text\/css\" data-created_by=\"avia_inline_auto\" id=\"style-css-av-kc6bxims-e584a1de532ca6646209a567faa8076f\">\n.flex_column.av-kc6bxims-e584a1de532ca6646209a567faa8076f{\nborder-radius:0px 0px 0px 0px;\npadding:0px 0px 0px 0px;\n}\n<\/style>\n<div  class='flex_column av-kc6bxims-e584a1de532ca6646209a567faa8076f av_one_half  avia-builder-el-1  el_before_av_one_half  avia-builder-el-first  first flex_column_table_cell av-equal-height-column av-align-top av-zero-column-padding  '     ><p>\n<style type=\"text\/css\" data-created_by=\"avia_inline_auto\" id=\"style-css-av-3aq4ip-9308c0743785d007e43d21aaac615ce1\">\n#top .av-special-heading.av-3aq4ip-9308c0743785d007e43d21aaac615ce1{\npadding-bottom:40px;\nfont-size:60px;\n}\nbody .av-special-heading.av-3aq4ip-9308c0743785d007e43d21aaac615ce1 .av-special-heading-tag .heading-char{\nfont-size:25px;\n}\n#top #wrap_all .av-special-heading.av-3aq4ip-9308c0743785d007e43d21aaac615ce1 .av-special-heading-tag{\nfont-size:60px;\n}\n.av-special-heading.av-3aq4ip-9308c0743785d007e43d21aaac615ce1 .av-subheading{\nfont-size:20px;\n}\n\n@media only screen and (min-width: 480px) and (max-width: 767px){ \n#top #wrap_all .av-special-heading.av-3aq4ip-9308c0743785d007e43d21aaac615ce1 .av-special-heading-tag{\nfont-size:42px;\n}\n}\n\n@media only screen and (max-width: 479px){ \n#top #wrap_all .av-special-heading.av-3aq4ip-9308c0743785d007e43d21aaac615ce1 .av-special-heading-tag{\nfont-size:42px;\n}\n}\n<\/style>\n<div  class='av-special-heading av-3aq4ip-9308c0743785d007e43d21aaac615ce1 av-special-heading-h2 custom-color-heading blockquote modern-quote  avia-builder-el-2  el_before_av_hr  avia-builder-el-first  av-inherit-size'><h2 class='av-special-heading-tag '  itemprop=\"headline\"  >Portrait<\/h2><div class='av-subheading av-subheading_below'><p>Ob als Familienfrau, in der Praxis oder unterwegs,<br \/>\nMenschen stehen f\u00fcr mich im Zentrum.<\/p>\n<\/div><div class=\"special-heading-border\"><div class=\"special-heading-inner-border\"><\/div><\/div><\/div><br \/>\n\n<style type=\"text\/css\" data-created_by=\"avia_inline_auto\" id=\"style-css-av-kc6g9uir-87b3845a1be83dd3f6e54d7f8b014fe3\">\n#top .hr.hr-invisible.av-kc6g9uir-87b3845a1be83dd3f6e54d7f8b014fe3{\nheight:50px;\n}\n<\/style>\n<div  class='hr av-kc6g9uir-87b3845a1be83dd3f6e54d7f8b014fe3 hr-invisible  avia-builder-el-3  el_after_av_heading  el_before_av_image  av-small-hide av-mini-hide'><span class='hr-inner '><span class=\"hr-inner-style\"><\/span><\/span><\/div><br \/>\n\n<style type=\"text\/css\" data-created_by=\"avia_inline_auto\" id=\"style-css-av-kc6cg9px-9ae8d5cf205e3fc2ade97e578813d10c\">\n.avia-image-container.av-kc6cg9px-9ae8d5cf205e3fc2ade97e578813d10c img.avia_image{\nbox-shadow:none;\n}\n.avia-image-container.av-kc6cg9px-9ae8d5cf205e3fc2ade97e578813d10c .av-image-caption-overlay-center{\ncolor:#ffffff;\n}\n<\/style>\n<div  class='avia-image-container av-kc6cg9px-9ae8d5cf205e3fc2ade97e578813d10c av-styling- avia-align-left  avia-builder-el-4  el_after_av_hr  avia-builder-el-last '   itemprop=\"image\" itemscope=\"itemscope\" itemtype=\"https:\/\/schema.org\/ImageObject\" ><div class=\"avia-image-container-inner\"><div class=\"avia-image-overlay-wrap\"><img decoding=\"async\" fetchpriority=\"high\" class='wp-image-72 avia-img-lazy-loading-not-72 avia_image ' src=\"https:\/\/ursulaschaufelberger.ch\/cms\/wp-content\/uploads\/2020\/06\/ursula-e1593720894276-300x300.jpg\" alt='' title='Ursula Schaufelberger'  height=\"300\" width=\"300\"  itemprop=\"thumbnailUrl\" srcset=\"https:\/\/ursulaschaufelberger.ch\/cms\/wp-content\/uploads\/2020\/06\/ursula-e1593720894276-300x300.jpg 300w, https:\/\/ursulaschaufelberger.ch\/cms\/wp-content\/uploads\/2020\/06\/ursula-e1593720894276-1030x1030.jpg 1030w, https:\/\/ursulaschaufelberger.ch\/cms\/wp-content\/uploads\/2020\/06\/ursula-e1593720894276-80x80.jpg 80w, https:\/\/ursulaschaufelberger.ch\/cms\/wp-content\/uploads\/2020\/06\/ursula-e1593720894276-768x768.jpg 768w, https:\/\/ursulaschaufelberger.ch\/cms\/wp-content\/uploads\/2020\/06\/ursula-e1593720894276-1536x1536.jpg 1536w, https:\/\/ursulaschaufelberger.ch\/cms\/wp-content\/uploads\/2020\/06\/ursula-e1593720894276-36x36.jpg 36w, https:\/\/ursulaschaufelberger.ch\/cms\/wp-content\/uploads\/2020\/06\/ursula-e1593720894276-180x180.jpg 180w, https:\/\/ursulaschaufelberger.ch\/cms\/wp-content\/uploads\/2020\/06\/ursula-e1593720894276-1500x1500.jpg 1500w, https:\/\/ursulaschaufelberger.ch\/cms\/wp-content\/uploads\/2020\/06\/ursula-e1593720894276-705x705.jpg 705w, https:\/\/ursulaschaufelberger.ch\/cms\/wp-content\/uploads\/2020\/06\/ursula-e1593720894276.jpg 1800w\" sizes=\"(max-width: 300px) 100vw, 300px\" \/><\/div><\/div><\/div><\/p><\/div><div class='av-flex-placeholder'><\/div>\n<style type=\"text\/css\" data-created_by=\"avia_inline_auto\" id=\"style-css-av-kc6btcrn-4d82f8966bebf280bb545fab216ae265\">\n.flex_column.av-kc6btcrn-4d82f8966bebf280bb545fab216ae265{\nborder-radius:0px 0px 0px 0px;\npadding:0px 0px 0px 0px;\n}\n<\/style>\n<div  class='flex_column av-kc6btcrn-4d82f8966bebf280bb545fab216ae265 av_one_half  avia-builder-el-5  el_after_av_one_half  el_before_av_one_half  flex_column_table_cell av-equal-height-column av-align-top av-zero-column-padding  '     ><\/div><\/div><!--close column table wrapper. Autoclose: 1 --><div  class='flex_column av-9n1d43-cbd422300eacacd1aa41512b84c31397 av_one_half  avia-builder-el-6  el_after_av_one_half  el_before_av_one_half  first flex_column_div  column-top-margin'     ><section  class='av_textblock_section av-kc6c3nw4-aee8e4f3b45e27f124caaea4288e7eb5 '   itemscope=\"itemscope\" itemtype=\"https:\/\/schema.org\/CreativeWork\" ><div class='avia_textblock'  itemprop=\"text\" ><p><strong>Mein Werdegang<\/strong><\/p>\n<p>Nach der Lehre als Kleinkind\u00aderzieherin lief alles wie von selbst: Au-Pair-Jahre in London und in der Provence, Hotelkinder\u00adg\u00e4rtnerin in der Lenzerheide. Viele spannende Jahre bei der damaligen Swissair als Groundhostess. Mit dem Schuleintritt unserer beiden S\u00f6hne Ende der neunziger Jahre wechselte ich f\u00fcr etliche Jahre in die Quartierbibliothek Veltheim in Winterthur.<\/p>\n<p>F\u00fcr mich und meine Familie war ich schon fr\u00fch auf der Suche nach Alternativen zur Schulmedizin. Seit 1999 befasse ich mich mit \u00e4therischen \u00d6len. Bis zur zertifizierten <a href=\"http:\/\/www.lebendige-aromakunde.net\" target=\"_blank\" rel=\"noopener\">Gesundheitsbegleiterin mit Aromakunde<\/a> (GBA) vergingen einige Jahre. Die j\u00e4hrlichen Weiterbildungen sind sehr bereichernd.<\/p>\n<\/div><\/section><\/div><div  class='flex_column av-97lw77-a1550552f5483de177054a2218f7c25d av_one_half  avia-builder-el-8  el_after_av_one_half  avia-builder-el-last  flex_column_div  column-top-margin'     ><p>\n<style type=\"text\/css\" data-created_by=\"avia_inline_auto\" id=\"style-css-av-kc6g9uir-2-322cce23dcba4bce6eb1153f7ca02bd1\">\n#top .hr.hr-invisible.av-kc6g9uir-2-322cce23dcba4bce6eb1153f7ca02bd1{\nheight:50px;\n}\n<\/style>\n<div  class='hr av-kc6g9uir-2-322cce23dcba4bce6eb1153f7ca02bd1 hr-invisible  avia-builder-el-9  el_before_av_textblock  avia-builder-el-first  av-small-hide av-mini-hide'><span class='hr-inner '><span class=\"hr-inner-style\"><\/span><\/span><\/div><br \/>\n<section  class='av_textblock_section av-kc6c3nw4-1-3943143c63a3f2ddd425c219a0dbd713 '   itemscope=\"itemscope\" itemtype=\"https:\/\/schema.org\/CreativeWork\" ><div class='avia_textblock'  itemprop=\"text\" ><p>W\u00e4hrend der Ausbildung zur <a href=\"https:\/\/www.bioenergie-therapie.ch\" target=\"_blank\" rel=\"noopener\">Bioenergie-Therapeutin<\/a> bei Mitsuo Shirahama in Z\u00fcrich fand ich zur Traumarbeit und Psychologie nach C.G. Jung.<\/p>\n<p>2017 bildete ich mich an der Swiss Wellness Academy Burgdorf zur <a href=\"https:\/\/www.swa.ch\/de\" target=\"_blank\" rel=\"noopener\">kosmetischen Fusspflegerin<\/a> aus. J\u00e4hrlich besuche ich Weiterbildungen auf diesem Gebiet.<\/p>\n<p>Ich arbeite in einer h\u00fcbschen kleinen\u00a0<a href=\"http:\/\/www.rutimann.com\">Praxis<\/a> in der N\u00e4he des Kantonspitals Winterthur.<\/p>\n<\/div><\/section><\/p><\/div>\n","protected":false},"excerpt":{"rendered":"","protected":false},"author":1,"featured_media":0,"parent":0,"menu_order":0,"comment_status":"closed","ping_status":"closed","template":"","meta":{"footnotes":""},"class_list":["post-3601","page","type-page","status-publish","hentry"],"yoast_head":"<!-- This site is optimized with the Yoast SEO plugin v27.4 - https:\/\/yoast.com\/product\/yoast-seo-wordpress\/ -->\n<title>Portrait - Ursula Schaufelberger<\/title>\n<meta name=\"description\" content=\"Menschen stehen f\u00fcr mich im Zentrum. Mein Weg f\u00fchrte mich von \u00d6len und Aromen, zu Psychologie, F\u00fcssen und Massage.\" \/>\n<meta name=\"robots\" content=\"index, follow, max-snippet:-1, max-image-preview:large, max-video-preview:-1\" \/>\n<link rel=\"canonical\" href=\"https:\/\/ursulaschaufelberger.ch\/cms\/portrait\/\" \/>\n<meta property=\"og:locale\" content=\"de_DE\" \/>\n<meta property=\"og:type\" content=\"article\" \/>\n<meta property=\"og:title\" content=\"Portrait - Ursula Schaufelberger\" \/>\n<meta property=\"og:description\" content=\"Menschen stehen f\u00fcr mich im Zentrum. Mein Weg f\u00fchrte mich von \u00d6len und Aromen, zu Psychologie, F\u00fcssen und Massage.\" \/>\n<meta property=\"og:url\" content=\"https:\/\/ursulaschaufelberger.ch\/cms\/portrait\/\" \/>\n<meta property=\"og:site_name\" content=\"Ursula Schaufelberger\" \/>\n<meta property=\"article:modified_time\" content=\"2022-11-11T13:59:12+00:00\" \/>\n<meta name=\"twitter:card\" content=\"summary_large_image\" \/>\n<meta name=\"twitter:label1\" content=\"Gesch\u00e4tzte Lesezeit\" \/>\n\t<meta name=\"twitter:data1\" content=\"4\u00a0Minuten\" \/>\n<script type=\"application\/ld+json\" class=\"yoast-schema-graph\">{\"@context\":\"https:\\\/\\\/schema.org\",\"@graph\":[{\"@type\":\"WebPage\",\"@id\":\"https:\\\/\\\/ursulaschaufelberger.ch\\\/cms\\\/portrait\\\/\",\"url\":\"https:\\\/\\\/ursulaschaufelberger.ch\\\/cms\\\/portrait\\\/\",\"name\":\"Portrait - Ursula Schaufelberger\",\"isPartOf\":{\"@id\":\"https:\\\/\\\/ursulaschaufelberger.ch\\\/cms\\\/#website\"},\"datePublished\":\"2020-08-12T15:10:07+00:00\",\"dateModified\":\"2022-11-11T13:59:12+00:00\",\"description\":\"Menschen stehen f\u00fcr mich im Zentrum. Mein Weg f\u00fchrte mich von \u00d6len und Aromen, zu Psychologie, F\u00fcssen und Massage.\",\"breadcrumb\":{\"@id\":\"https:\\\/\\\/ursulaschaufelberger.ch\\\/cms\\\/portrait\\\/#breadcrumb\"},\"inLanguage\":\"de\",\"potentialAction\":[{\"@type\":\"ReadAction\",\"target\":[\"https:\\\/\\\/ursulaschaufelberger.ch\\\/cms\\\/portrait\\\/\"]}]},{\"@type\":\"BreadcrumbList\",\"@id\":\"https:\\\/\\\/ursulaschaufelberger.ch\\\/cms\\\/portrait\\\/#breadcrumb\",\"itemListElement\":[{\"@type\":\"ListItem\",\"position\":1,\"name\":\"Startseite\",\"item\":\"https:\\\/\\\/ursulaschaufelberger.ch\\\/cms\\\/\"},{\"@type\":\"ListItem\",\"position\":2,\"name\":\"Portrait\"}]},{\"@type\":\"WebSite\",\"@id\":\"https:\\\/\\\/ursulaschaufelberger.ch\\\/cms\\\/#website\",\"url\":\"https:\\\/\\\/ursulaschaufelberger.ch\\\/cms\\\/\",\"name\":\"Ursula Schaufelberger\",\"description\":\"Fusspflege\",\"publisher\":{\"@id\":\"https:\\\/\\\/ursulaschaufelberger.ch\\\/cms\\\/#organization\"},\"potentialAction\":[{\"@type\":\"SearchAction\",\"target\":{\"@type\":\"EntryPoint\",\"urlTemplate\":\"https:\\\/\\\/ursulaschaufelberger.ch\\\/cms\\\/?s={search_term_string}\"},\"query-input\":{\"@type\":\"PropertyValueSpecification\",\"valueRequired\":true,\"valueName\":\"search_term_string\"}}],\"inLanguage\":\"de\"},{\"@type\":\"Organization\",\"@id\":\"https:\\\/\\\/ursulaschaufelberger.ch\\\/cms\\\/#organization\",\"name\":\"Ursula Schafelberger\",\"url\":\"https:\\\/\\\/ursulaschaufelberger.ch\\\/cms\\\/\",\"logo\":{\"@type\":\"ImageObject\",\"inLanguage\":\"de\",\"@id\":\"https:\\\/\\\/ursulaschaufelberger.ch\\\/cms\\\/#\\\/schema\\\/logo\\\/image\\\/\",\"url\":\"https:\\\/\\\/ursulaschaufelberger.ch\\\/cms\\\/wp-content\\\/uploads\\\/2020\\\/09\\\/logo-ursula-klein-scaled.jpg\",\"contentUrl\":\"https:\\\/\\\/ursulaschaufelberger.ch\\\/cms\\\/wp-content\\\/uploads\\\/2020\\\/09\\\/logo-ursula-klein-scaled.jpg\",\"width\":2560,\"height\":384,\"caption\":\"Ursula Schafelberger\"},\"image\":{\"@id\":\"https:\\\/\\\/ursulaschaufelberger.ch\\\/cms\\\/#\\\/schema\\\/logo\\\/image\\\/\"},\"sameAs\":[\"https:\\\/\\\/www.instagram.com\\\/ursulaschaufelberger\\\/?hl=de\"]}]}<\/script>\n<!-- \/ Yoast SEO plugin. -->","yoast_head_json":{"title":"Portrait - Ursula Schaufelberger","description":"Menschen stehen f\u00fcr mich im Zentrum. Mein Weg f\u00fchrte mich von \u00d6len und Aromen, zu Psychologie, F\u00fcssen und Massage.","robots":{"index":"index","follow":"follow","max-snippet":"max-snippet:-1","max-image-preview":"max-image-preview:large","max-video-preview":"max-video-preview:-1"},"canonical":"https:\/\/ursulaschaufelberger.ch\/cms\/portrait\/","og_locale":"de_DE","og_type":"article","og_title":"Portrait - Ursula Schaufelberger","og_description":"Menschen stehen f\u00fcr mich im Zentrum. Mein Weg f\u00fchrte mich von \u00d6len und Aromen, zu Psychologie, F\u00fcssen und Massage.","og_url":"https:\/\/ursulaschaufelberger.ch\/cms\/portrait\/","og_site_name":"Ursula Schaufelberger","article_modified_time":"2022-11-11T13:59:12+00:00","twitter_card":"summary_large_image","twitter_misc":{"Gesch\u00e4tzte Lesezeit":"4\u00a0Minuten"},"schema":{"@context":"https:\/\/schema.org","@graph":[{"@type":"WebPage","@id":"https:\/\/ursulaschaufelberger.ch\/cms\/portrait\/","url":"https:\/\/ursulaschaufelberger.ch\/cms\/portrait\/","name":"Portrait - Ursula Schaufelberger","isPartOf":{"@id":"https:\/\/ursulaschaufelberger.ch\/cms\/#website"},"datePublished":"2020-08-12T15:10:07+00:00","dateModified":"2022-11-11T13:59:12+00:00","description":"Menschen stehen f\u00fcr mich im Zentrum. Mein Weg f\u00fchrte mich von \u00d6len und Aromen, zu Psychologie, F\u00fcssen und Massage.","breadcrumb":{"@id":"https:\/\/ursulaschaufelberger.ch\/cms\/portrait\/#breadcrumb"},"inLanguage":"de","potentialAction":[{"@type":"ReadAction","target":["https:\/\/ursulaschaufelberger.ch\/cms\/portrait\/"]}]},{"@type":"BreadcrumbList","@id":"https:\/\/ursulaschaufelberger.ch\/cms\/portrait\/#breadcrumb","itemListElement":[{"@type":"ListItem","position":1,"name":"Startseite","item":"https:\/\/ursulaschaufelberger.ch\/cms\/"},{"@type":"ListItem","position":2,"name":"Portrait"}]},{"@type":"WebSite","@id":"https:\/\/ursulaschaufelberger.ch\/cms\/#website","url":"https:\/\/ursulaschaufelberger.ch\/cms\/","name":"Ursula Schaufelberger","description":"Fusspflege","publisher":{"@id":"https:\/\/ursulaschaufelberger.ch\/cms\/#organization"},"potentialAction":[{"@type":"SearchAction","target":{"@type":"EntryPoint","urlTemplate":"https:\/\/ursulaschaufelberger.ch\/cms\/?s={search_term_string}"},"query-input":{"@type":"PropertyValueSpecification","valueRequired":true,"valueName":"search_term_string"}}],"inLanguage":"de"},{"@type":"Organization","@id":"https:\/\/ursulaschaufelberger.ch\/cms\/#organization","name":"Ursula Schafelberger","url":"https:\/\/ursulaschaufelberger.ch\/cms\/","logo":{"@type":"ImageObject","inLanguage":"de","@id":"https:\/\/ursulaschaufelberger.ch\/cms\/#\/schema\/logo\/image\/","url":"https:\/\/ursulaschaufelberger.ch\/cms\/wp-content\/uploads\/2020\/09\/logo-ursula-klein-scaled.jpg","contentUrl":"https:\/\/ursulaschaufelberger.ch\/cms\/wp-content\/uploads\/2020\/09\/logo-ursula-klein-scaled.jpg","width":2560,"height":384,"caption":"Ursula Schafelberger"},"image":{"@id":"https:\/\/ursulaschaufelberger.ch\/cms\/#\/schema\/logo\/image\/"},"sameAs":["https:\/\/www.instagram.com\/ursulaschaufelberger\/?hl=de"]}]}},"_links":{"self":[{"href":"https:\/\/ursulaschaufelberger.ch\/cms\/wp-json\/wp\/v2\/pages\/3601","targetHints":{"allow":["GET"]}}],"collection":[{"href":"https:\/\/ursulaschaufelberger.ch\/cms\/wp-json\/wp\/v2\/pages"}],"about":[{"href":"https:\/\/ursulaschaufelberger.ch\/cms\/wp-json\/wp\/v2\/types\/page"}],"author":[{"embeddable":true,"href":"https:\/\/ursulaschaufelberger.ch\/cms\/wp-json\/wp\/v2\/users\/1"}],"replies":[{"embeddable":true,"href":"https:\/\/ursulaschaufelberger.ch\/cms\/wp-json\/wp\/v2\/comments?post=3601"}],"version-history":[{"count":50,"href":"https:\/\/ursulaschaufelberger.ch\/cms\/wp-json\/wp\/v2\/pages\/3601\/revisions"}],"predecessor-version":[{"id":4452,"href":"https:\/\/ursulaschaufelberger.ch\/cms\/wp-json\/wp\/v2\/pages\/3601\/revisions\/4452"}],"wp:attachment":[{"href":"https:\/\/ursulaschaufelberger.ch\/cms\/wp-json\/wp\/v2\/media?parent=3601"}],"curies":[{"name":"wp","href":"https:\/\/api.w.org\/{rel}","templated":true}]}}